{"id":154,"date":"2021-08-29T15:19:18","date_gmt":"2021-08-29T15:19:18","guid":{"rendered":"http:\/\/r-g-proulx.com\/?page_id=154"},"modified":"2026-05-13T20:33:16","modified_gmt":"2026-05-13T18:33:16","slug":"francais","status":"publish","type":"page","link":"https:\/\/richardgerardproulx.com\/index.php\/francais\/","title":{"rendered":"Fran\u00e7ais"},"content":{"rendered":"\n<h2 class=\"wp-block-heading has-text-align-center has-white-color has-vivid-cyan-blue-background-color has-text-color has-background has-large-font-size\">PO\u00c8MES ET PR\u00c9-LECTURE<\/h2>\n\n\n\n<p class=\"has-white-background-color has-background\">La s\u00e9rie Po\u00e8mes et pr\u00e9-lecture pr\u00e9sente des po\u00e8mes enfantins enracin\u00e9s dans la tradition orale et facilement m\u00e9morisables pour servir d\u2019exp\u00e9rience d\u2019apprentissage de base \u00e0 l\u2019acquisition des lettres et de leur(s) son(s) respectif(s) ainsi que des phon\u00e8mes de la langue fran\u00e7aise.<br><br>En pr\u00e9vention des difficult\u00e9s d\u2019apprentissage, l\u2019ouvrage pr\u00e9sente aussi les gestes de la m\u00e9thode Borel-Maisonny qui a abondamment fait ses preuves en ce domaine.<\/p>\n\n\n\n<hr class=\"wp-block-separator has-text-color has-vivid-cyan-blue-color has-css-opacity has-vivid-cyan-blue-background-color has-background\"\/>\n\n\n\n<div class=\"wp-block-media-text alignwide is-stacked-on-mobile\" style=\"grid-template-columns:26% auto\"><figure class=\"wp-block-media-text__media\"><img loading=\"lazy\" decoding=\"async\" width=\"612\" height=\"792\" src=\"https:\/\/richardgerardproulx.com\/wp-content\/uploads\/2021\/10\/Poemes-et-pre-lecture-cahier-1-2.jpg\" alt=\"\" class=\"wp-image-316 size-full\" srcset=\"https:\/\/richardgerardproulx.com\/wp-content\/uploads\/2021\/10\/Poemes-et-pre-lecture-cahier-1-2.jpg 612w, https:\/\/richardgerardproulx.com\/wp-content\/uploads\/2021\/10\/Poemes-et-pre-lecture-cahier-1-2-232x300.jpg 232w\" sizes=\"auto, (max-width: 612px) 100vw, 612px\" \/><\/figure><div class=\"wp-block-media-text__content\">\n<p class=\"has-large-font-size\">1. Po\u00e8mes et pr\u00e9-lecture, cahier 1<\/p>\n\n\n\n<p>Ce cahier nous pr\u00e9sente des po\u00e8mes enfantins enra\u00adcin\u00e9s dans la tradition orale et facilement m\u00e9morisable pour servir d&rsquo;exp\u00e9rience d&rsquo;apprentissage de base \u00e0 l&rsquo;acquisition des voyelles simples et de leur son respectif ainsi que des activit\u00e9s de pr\u00e9-\u00e9criture.<\/p>\n\n\n\n<p>En pr\u00e9vention des diffi\u00adcult\u00e9s d&rsquo;apprentissage, l&rsquo;ou\u00advrage pr\u00e9sente les gestes de la m\u00e9thode Borel-Maisonny qui a abondamment fait ses preuves en ce domaine.<\/p>\n\n\n\n<p class=\"has-small-font-size\">Format lettre : 82 pages<\/p>\n\n\n\n<div class=\"wp-block-file\"><a href=\"https:\/\/richardgerardproulx.com\/wp-content\/uploads\/2021\/12\/Poemes-et-pre-lecture-cahier-1-2.pdf\" class=\"wp-block-file__button wp-element-button\" download>T\u00e9l\u00e9charger le cahier<\/a><\/div>\n\n\n\n<p><\/p>\n<\/div><\/div>\n\n\n\n<hr class=\"wp-block-separator has-text-color has-vivid-cyan-blue-color has-css-opacity has-vivid-cyan-blue-background-color has-background\"\/>\n\n\n\n<div class=\"wp-block-media-text alignwide is-stacked-on-mobile\" style=\"grid-template-columns:26% auto\"><figure class=\"wp-block-media-text__media\"><img loading=\"lazy\" decoding=\"async\" width=\"791\" height=\"1024\" src=\"https:\/\/richardgerardproulx.com\/wp-content\/uploads\/2026\/05\/Poemes-et-pre-lecture-2_01-791x1024.jpg\" alt=\"\" class=\"wp-image-819 size-full\" srcset=\"https:\/\/richardgerardproulx.com\/wp-content\/uploads\/2026\/05\/Poemes-et-pre-lecture-2_01-791x1024.jpg 791w, https:\/\/richardgerardproulx.com\/wp-content\/uploads\/2026\/05\/Poemes-et-pre-lecture-2_01-232x300.jpg 232w, https:\/\/richardgerardproulx.com\/wp-content\/uploads\/2026\/05\/Poemes-et-pre-lecture-2_01-768x994.jpg 768w, https:\/\/richardgerardproulx.com\/wp-content\/uploads\/2026\/05\/Poemes-et-pre-lecture-2_01-1187x1536.jpg 1187w, https:\/\/richardgerardproulx.com\/wp-content\/uploads\/2026\/05\/Poemes-et-pre-lecture-2_01-1583x2048.jpg 1583w, https:\/\/richardgerardproulx.com\/wp-content\/uploads\/2026\/05\/Poemes-et-pre-lecture-2_01-scaled.jpg 1978w\" sizes=\"auto, (max-width: 791px) 100vw, 791px\" \/><\/figure><div class=\"wp-block-media-text__content\">\n<p class=\"has-large-font-size\">1. Po\u00e8mes et pr\u00e9-lecture, cahier 2<\/p>\n\n\n\n<p>Nous appuyant sur le rythme enfantin\u00b9 et sur l\u2019heureuse concordance prosodique des enfantines de langue fran\u00e7aise\u00b2 nous avons compos\u00e9 les po\u00e8mes enfantins de ce cahier pour servir d\u2019exp\u00e9rience d\u2019apprentissage de base \u00e0 l\u2019acquisition des consonnes suivantes : l, n, t, m, r, d et b et de leur son respectif.<\/p>\n\n\n\n<p class=\"has-small-font-size\">Format lettre : 79 pages<\/p>\n\n\n\n<div class=\"wp-block-file\"><a href=\"https:\/\/richardgerardproulx.com\/wp-content\/uploads\/2026\/05\/05.-Poemes-et-pre-lecture-2e-cahier.pdf\" class=\"wp-block-file__button wp-element-button\" download>T\u00e9l\u00e9charger le cahier<\/a><\/div>\n\n\n\n<p><\/p>\n<\/div><\/div>\n\n\n\n<hr class=\"wp-block-separator has-text-color has-vivid-cyan-blue-color has-css-opacity has-vivid-cyan-blue-background-color has-background\"\/>\n\n\n\n<p><\/p>\n","protected":false},"excerpt":{"rendered":"<p>PO\u00c8MES ET PR\u00c9-LECTURE La s\u00e9rie Po\u00e8mes et pr\u00e9-lecture pr\u00e9sente des po\u00e8mes enfantins enracin\u00e9s dans la tradition orale et facilement m\u00e9morisables pour servir d\u2019exp\u00e9rience d\u2019apprentissage de base \u00e0 l\u2019acquisition des lettres et de leur(s) son(s) respectif(s) ainsi que des phon\u00e8mes de la langue fran\u00e7aise. En pr\u00e9vention des difficult\u00e9s d\u2019apprentissage, l\u2019ouvrage pr\u00e9sente aussi les gestes de la <a class=\"read-more\" href=\"https:\/\/richardgerardproulx.com\/index.php\/francais\/\">Read More<\/a><\/p>\n","protected":false},"author":1,"featured_media":0,"parent":0,"menu_order":0,"comment_status":"closed","ping_status":"closed","template":"","meta":{"footnotes":""},"class_list":["post-154","page","type-page","status-publish","hentry"],"_links":{"self":[{"href":"https:\/\/richardgerardproulx.com\/index.php\/wp-json\/wp\/v2\/pages\/154","targetHints":{"allow":["GET"]}}],"collection":[{"href":"https:\/\/richardgerardproulx.com\/index.php\/wp-json\/wp\/v2\/pages"}],"about":[{"href":"https:\/\/richardgerardproulx.com\/index.php\/wp-json\/wp\/v2\/types\/page"}],"author":[{"embeddable":true,"href":"https:\/\/richardgerardproulx.com\/index.php\/wp-json\/wp\/v2\/users\/1"}],"replies":[{"embeddable":true,"href":"https:\/\/richardgerardproulx.com\/index.php\/wp-json\/wp\/v2\/comments?post=154"}],"version-history":[{"count":1,"href":"https:\/\/richardgerardproulx.com\/index.php\/wp-json\/wp\/v2\/pages\/154\/revisions"}],"predecessor-version":[{"id":820,"href":"https:\/\/richardgerardproulx.com\/index.php\/wp-json\/wp\/v2\/pages\/154\/revisions\/820"}],"wp:attachment":[{"href":"https:\/\/richardgerardproulx.com\/index.php\/wp-json\/wp\/v2\/media?parent=154"}],"curies":[{"name":"wp","href":"https:\/\/api.w.org\/{rel}","templated":true}]}}