{"id":146,"date":"2021-08-29T15:18:08","date_gmt":"2021-08-29T15:18:08","guid":{"rendered":"http:\/\/r-g-proulx.com\/?page_id=146"},"modified":"2021-08-29T15:18:08","modified_gmt":"2021-08-29T15:18:08","slug":"mission","status":"publish","type":"page","link":"https:\/\/richardgerardproulx.com\/index.php\/mission\/","title":{"rendered":"Mission"},"content":{"rendered":"\n<p class=\"has-medium-font-size\">Le site <strong>r-g-proulx.com<\/strong> a \u00e9t\u00e9 d\u00e9velopp\u00e9 afin de permettre aux enfants et aux jeunes d&rsquo;\u00e2ge scolaire, aux chr\u00e9tiens et chr\u00e9tiennes ainsi qu&rsquo;aux chorales d&rsquo;acc\u00e9der gracieusement \u00e0 des ressources culturellement pertinentes de qualit\u00e9 dans les domaines suivants :<\/p>\n\n\n\n<ul class=\"has-medium-font-size wp-block-list\"><li>Louanges chr\u00e9tiennes<\/li><li>Fran\u00e7ais<\/li><li>\u00c9ducation musicale kodalienne<\/li><li>Piano<\/li><li>Chants choral polyphonique<\/li><li>Et plus&#8230;<\/li><\/ul>\n","protected":false},"excerpt":{"rendered":"<p>Le site r-g-proulx.com a \u00e9t\u00e9 d\u00e9velopp\u00e9 afin de permettre aux enfants et aux jeunes d&rsquo;\u00e2ge scolaire, aux chr\u00e9tiens et chr\u00e9tiennes ainsi qu&rsquo;aux chorales d&rsquo;acc\u00e9der gracieusement \u00e0 des ressources culturellement pertinentes de qualit\u00e9 dans les domaines suivants : Louanges chr\u00e9tiennes Fran\u00e7ais \u00c9ducation musicale kodalienne Piano Chants choral polyphonique Et plus&#8230;<\/p>\n","protected":false},"author":1,"featured_media":0,"parent":0,"menu_order":0,"comment_status":"closed","ping_status":"closed","template":"","meta":{"footnotes":""},"class_list":["post-146","page","type-page","status-publish","hentry"],"_links":{"self":[{"href":"https:\/\/richardgerardproulx.com\/index.php\/wp-json\/wp\/v2\/pages\/146","targetHints":{"allow":["GET"]}}],"collection":[{"href":"https:\/\/richardgerardproulx.com\/index.php\/wp-json\/wp\/v2\/pages"}],"about":[{"href":"https:\/\/richardgerardproulx.com\/index.php\/wp-json\/wp\/v2\/types\/page"}],"author":[{"embeddable":true,"href":"https:\/\/richardgerardproulx.com\/index.php\/wp-json\/wp\/v2\/users\/1"}],"replies":[{"embeddable":true,"href":"https:\/\/richardgerardproulx.com\/index.php\/wp-json\/wp\/v2\/comments?post=146"}],"version-history":[{"count":0,"href":"https:\/\/richardgerardproulx.com\/index.php\/wp-json\/wp\/v2\/pages\/146\/revisions"}],"wp:attachment":[{"href":"https:\/\/richardgerardproulx.com\/index.php\/wp-json\/wp\/v2\/media?parent=146"}],"curies":[{"name":"wp","href":"https:\/\/api.w.org\/{rel}","templated":true}]}}